{"id":3519,"date":"2022-10-05T11:51:48","date_gmt":"2022-10-05T09:51:48","guid":{"rendered":"https:\/\/donauguides.com\/guides\/"},"modified":"2022-10-05T11:51:49","modified_gmt":"2022-10-05T09:51:49","slug":"guides","status":"publish","type":"page","link":"https:\/\/donauguides.com\/en\/guides\/","title":{"rendered":"Guides"},"content":{"rendered":"<p>[vc_row][vc_column width=&#8221;2\/3&#8243;][vc_column_text]<\/p>\n<p>Lieber Freiberufler,<\/p>\n<p>vielen Dank, dass Ihr f\u00fcr uns DonauGuides arbeitet.<\/p>\n<p>Auf den folgenden Seiten findet Ihr alles zur Abrechnung, unserem Buchungssystem und Tips f\u00fcr F\u00fchrungen und Transfers. Solltet Ihr Hilfe ben\u00f6tigen wendet Euch an unser B\u00fcro unter:<\/p>\n<ul>\n<li style=\"text-align: left;\"><a href=\"mailto:info@donauguides.com\">info@donauguides.com<\/a><\/li>\n<li style=\"text-align: left;\">+49 676 9179366<\/li>\n<\/ul>\n<p>oder direkt an Sebastian Frankenberger \u00a0unter:<\/p>\n<ul>\n<li><a href=\"mailto:sebastian@donauguides.com\">sebastian@donauguides.com<\/a><\/li>\n<li>+49 170 9323103<\/li>\n<\/ul>\n<p>Generell sind wir die vermittelnde Agentur. D.h. Ihr arbeitet selbstst\u00e4ndig, oft gemeinsam als Team bei einem Auftrag. Bitte unterst\u00fctzt Euch gegenseitig und versucht unsere Firmenphilosphie &#8220;Geht nicht, gibts nicht&#8221; so gut wie m\u00f6glich bei unseren Kunden und den G\u00e4sten umzusetzen.<\/p>\n<p>Tourismus hei\u00df an aller erster Stelle Service f\u00fcr den Kunden, der immer K\u00f6nig ist. Aber nat\u00fcrlich sollt Ihr Euch auch nicht verbiegen, sondern eure Pers\u00f6nlichkeit einbringen und damit eure ganz pers\u00f6nliche F\u00fchrung kreieren:<\/p>\n<p>Wir sind nicht nur WIKI-Pedias auf zwei Beinen, sondern bieten Infotainment, erkl\u00e4ren Hintergr\u00fcnde und den gro\u00dfen \u00dcberblick und geben pers\u00f6nliche Tips und scheuen auch keine politische und religi\u00f6se Diskussion, solange sie fair ind sachlich ist.<\/p>\n<p>Fehler k\u00f6nnen passieren, denn nur wer unt\u00e4tig bleibt, kann keine Fehler machen. Wir bitten um einen respektvollen Umgang untereinander.\u00a0Wir sind immer offen f\u00fcr Verbesserungen und konstruktive Kritik.<\/p>\n<p>[\/vc_column_text][\/vc_column][vc_column width=&#8221;1\/3&#8243;][vc_row_inner][vc_column_inner css=&#8221;.vc_custom_1540800601718{padding: 15px !important;}&#8221;][vc_single_image image=&#8221;1937&#8243; img_size=&#8221;medium&#8221; alignment=&#8221;center&#8221;][vc_column_text]<\/p>\n<p style=\"text-align: center;\">Sebastian Frankenberger<\/p>\n<p style=\"text-align: center;\"><em>Gesch\u00e4ftsf\u00fchrer DonauGuides<\/em><\/p>\n<p>[\/vc_column_text][\/vc_column_inner][\/vc_row_inner][\/vc_column][\/vc_row]<\/p>\n","protected":false},"excerpt":{"rendered":"<p>[vc_row][vc_column width=&#8221;2\/3&#8243;][vc_column_text] Lieber Freiberufler, vielen Dank, dass Ihr f\u00fcr uns DonauGuides arbeitet. Auf den folgenden Seiten findet Ihr alles zur Abrechnung, unserem Buchungssystem und Tips f\u00fcr F\u00fchrungen und Transfers. Solltet Ihr Hilfe ben\u00f6tigen wendet Euch an unser B\u00fcro unter: info@donauguides.com +49 676 9179366 oder direkt an Sebastian Frankenberger \u00a0unter: sebastian@donauguides.com +49 170 9323103 Generell sind [&hellip;]<\/p>\n","protected":false},"author":1,"featured_media":0,"parent":0,"menu_order":0,"comment_status":"closed","ping_status":"closed","template":"","meta":{"_acf_changed":false,"footnotes":""},"class_list":["post-3519","page","type-page","status-publish","hentry"],"acf":[],"yoast_head":"<!-- This site is optimized with the Yoast SEO plugin v27.4 - https:\/\/yoast.com\/product\/yoast-seo-wordpress\/ -->\n<title>Guides - Donau Guides<\/title>\n<meta name=\"robots\" content=\"index, follow, max-snippet:-1, max-image-preview:large, max-video-preview:-1\" \/>\n<link rel=\"canonical\" href=\"https:\/\/donauguides.com\/en\/guides\/\" \/>\n<meta property=\"og:locale\" content=\"en_US\" \/>\n<meta property=\"og:type\" content=\"article\" \/>\n<meta property=\"og:title\" content=\"Guides - Donau Guides\" \/>\n<meta property=\"og:description\" content=\"[vc_row][vc_column width=&#8221;2\/3&#8243;][vc_column_text] Lieber Freiberufler, vielen Dank, dass Ihr f\u00fcr uns DonauGuides arbeitet. Auf den folgenden Seiten findet Ihr alles zur Abrechnung, unserem Buchungssystem und Tips f\u00fcr F\u00fchrungen und Transfers. Solltet Ihr Hilfe ben\u00f6tigen wendet Euch an unser B\u00fcro unter: info@donauguides.com +49 676 9179366 oder direkt an Sebastian Frankenberger \u00a0unter: sebastian@donauguides.com +49 170 9323103 Generell sind [&hellip;]\" \/>\n<meta property=\"og:url\" content=\"https:\/\/donauguides.com\/en\/guides\/\" \/>\n<meta property=\"og:site_name\" content=\"Donau Guides\" \/>\n<meta property=\"article:modified_time\" content=\"2022-10-05T09:51:49+00:00\" \/>\n<meta name=\"twitter:card\" content=\"summary_large_image\" \/>\n<meta name=\"twitter:label1\" content=\"Est. reading time\" \/>\n\t<meta name=\"twitter:data1\" content=\"1 minute\" \/>\n<script type=\"application\/ld+json\" class=\"yoast-schema-graph\">{\"@context\":\"https:\\\/\\\/schema.org\",\"@graph\":[{\"@type\":\"WebPage\",\"@id\":\"https:\\\/\\\/donauguides.com\\\/en\\\/guides\\\/\",\"url\":\"https:\\\/\\\/donauguides.com\\\/en\\\/guides\\\/\",\"name\":\"Guides - Donau Guides\",\"isPartOf\":{\"@id\":\"https:\\\/\\\/donauguides.com\\\/en\\\/#website\"},\"datePublished\":\"2022-10-05T09:51:48+00:00\",\"dateModified\":\"2022-10-05T09:51:49+00:00\",\"breadcrumb\":{\"@id\":\"https:\\\/\\\/donauguides.com\\\/en\\\/guides\\\/#breadcrumb\"},\"inLanguage\":\"en-US\",\"potentialAction\":[{\"@type\":\"ReadAction\",\"target\":[\"https:\\\/\\\/donauguides.com\\\/en\\\/guides\\\/\"]}]},{\"@type\":\"BreadcrumbList\",\"@id\":\"https:\\\/\\\/donauguides.com\\\/en\\\/guides\\\/#breadcrumb\",\"itemListElement\":[{\"@type\":\"ListItem\",\"position\":1,\"name\":\"Startseite\",\"item\":\"https:\\\/\\\/donauguides.com\\\/en\\\/\"},{\"@type\":\"ListItem\",\"position\":2,\"name\":\"Guides\"}]},{\"@type\":\"WebSite\",\"@id\":\"https:\\\/\\\/donauguides.com\\\/en\\\/#website\",\"url\":\"https:\\\/\\\/donauguides.com\\\/en\\\/\",\"name\":\"Donau Guides\",\"description\":\"Reiseleitungen, Stadtf\u00fchrungen, Vortr\u00e4ge\",\"publisher\":{\"@id\":\"https:\\\/\\\/donauguides.com\\\/en\\\/#organization\"},\"potentialAction\":[{\"@type\":\"SearchAction\",\"target\":{\"@type\":\"EntryPoint\",\"urlTemplate\":\"https:\\\/\\\/donauguides.com\\\/en\\\/?s={search_term_string}\"},\"query-input\":{\"@type\":\"PropertyValueSpecification\",\"valueRequired\":true,\"valueName\":\"search_term_string\"}}],\"inLanguage\":\"en-US\"},{\"@type\":\"Organization\",\"@id\":\"https:\\\/\\\/donauguides.com\\\/en\\\/#organization\",\"name\":\"DonauGuides GmbH\",\"url\":\"https:\\\/\\\/donauguides.com\\\/en\\\/\",\"logo\":{\"@type\":\"ImageObject\",\"inLanguage\":\"en-US\",\"@id\":\"https:\\\/\\\/donauguides.com\\\/en\\\/#\\\/schema\\\/logo\\\/image\\\/\",\"url\":\"https:\\\/\\\/i1.wp.com\\\/donauguides.com\\\/wp-content\\\/uploads\\\/2020\\\/10\\\/image-1.jpg?fit=960%2C960&ssl=1\",\"contentUrl\":\"https:\\\/\\\/i1.wp.com\\\/donauguides.com\\\/wp-content\\\/uploads\\\/2020\\\/10\\\/image-1.jpg?fit=960%2C960&ssl=1\",\"width\":960,\"height\":960,\"caption\":\"DonauGuides GmbH\"},\"image\":{\"@id\":\"https:\\\/\\\/donauguides.com\\\/en\\\/#\\\/schema\\\/logo\\\/image\\\/\"}}]}<\/script>\n<!-- \/ Yoast SEO plugin. -->","yoast_head_json":{"title":"Guides - Donau Guides","robots":{"index":"index","follow":"follow","max-snippet":"max-snippet:-1","max-image-preview":"max-image-preview:large","max-video-preview":"max-video-preview:-1"},"canonical":"https:\/\/donauguides.com\/en\/guides\/","og_locale":"en_US","og_type":"article","og_title":"Guides - Donau Guides","og_description":"[vc_row][vc_column width=&#8221;2\/3&#8243;][vc_column_text] Lieber Freiberufler, vielen Dank, dass Ihr f\u00fcr uns DonauGuides arbeitet. Auf den folgenden Seiten findet Ihr alles zur Abrechnung, unserem Buchungssystem und Tips f\u00fcr F\u00fchrungen und Transfers. Solltet Ihr Hilfe ben\u00f6tigen wendet Euch an unser B\u00fcro unter: info@donauguides.com +49 676 9179366 oder direkt an Sebastian Frankenberger \u00a0unter: sebastian@donauguides.com +49 170 9323103 Generell sind [&hellip;]","og_url":"https:\/\/donauguides.com\/en\/guides\/","og_site_name":"Donau Guides","article_modified_time":"2022-10-05T09:51:49+00:00","twitter_card":"summary_large_image","twitter_misc":{"Est. reading time":"1 minute"},"schema":{"@context":"https:\/\/schema.org","@graph":[{"@type":"WebPage","@id":"https:\/\/donauguides.com\/en\/guides\/","url":"https:\/\/donauguides.com\/en\/guides\/","name":"Guides - Donau Guides","isPartOf":{"@id":"https:\/\/donauguides.com\/en\/#website"},"datePublished":"2022-10-05T09:51:48+00:00","dateModified":"2022-10-05T09:51:49+00:00","breadcrumb":{"@id":"https:\/\/donauguides.com\/en\/guides\/#breadcrumb"},"inLanguage":"en-US","potentialAction":[{"@type":"ReadAction","target":["https:\/\/donauguides.com\/en\/guides\/"]}]},{"@type":"BreadcrumbList","@id":"https:\/\/donauguides.com\/en\/guides\/#breadcrumb","itemListElement":[{"@type":"ListItem","position":1,"name":"Startseite","item":"https:\/\/donauguides.com\/en\/"},{"@type":"ListItem","position":2,"name":"Guides"}]},{"@type":"WebSite","@id":"https:\/\/donauguides.com\/en\/#website","url":"https:\/\/donauguides.com\/en\/","name":"Donau Guides","description":"Reiseleitungen, Stadtf\u00fchrungen, Vortr\u00e4ge","publisher":{"@id":"https:\/\/donauguides.com\/en\/#organization"},"potentialAction":[{"@type":"SearchAction","target":{"@type":"EntryPoint","urlTemplate":"https:\/\/donauguides.com\/en\/?s={search_term_string}"},"query-input":{"@type":"PropertyValueSpecification","valueRequired":true,"valueName":"search_term_string"}}],"inLanguage":"en-US"},{"@type":"Organization","@id":"https:\/\/donauguides.com\/en\/#organization","name":"DonauGuides GmbH","url":"https:\/\/donauguides.com\/en\/","logo":{"@type":"ImageObject","inLanguage":"en-US","@id":"https:\/\/donauguides.com\/en\/#\/schema\/logo\/image\/","url":"https:\/\/i1.wp.com\/donauguides.com\/wp-content\/uploads\/2020\/10\/image-1.jpg?fit=960%2C960&ssl=1","contentUrl":"https:\/\/i1.wp.com\/donauguides.com\/wp-content\/uploads\/2020\/10\/image-1.jpg?fit=960%2C960&ssl=1","width":960,"height":960,"caption":"DonauGuides GmbH"},"image":{"@id":"https:\/\/donauguides.com\/en\/#\/schema\/logo\/image\/"}}]}},"jetpack_shortlink":"https:\/\/wp.me\/PchmWU-UL","_links":{"self":[{"href":"https:\/\/donauguides.com\/en\/wp-json\/wp\/v2\/pages\/3519","targetHints":{"allow":["GET"]}}],"collection":[{"href":"https:\/\/donauguides.com\/en\/wp-json\/wp\/v2\/pages"}],"about":[{"href":"https:\/\/donauguides.com\/en\/wp-json\/wp\/v2\/types\/page"}],"author":[{"embeddable":true,"href":"https:\/\/donauguides.com\/en\/wp-json\/wp\/v2\/users\/1"}],"replies":[{"embeddable":true,"href":"https:\/\/donauguides.com\/en\/wp-json\/wp\/v2\/comments?post=3519"}],"version-history":[{"count":1,"href":"https:\/\/donauguides.com\/en\/wp-json\/wp\/v2\/pages\/3519\/revisions"}],"predecessor-version":[{"id":3522,"href":"https:\/\/donauguides.com\/en\/wp-json\/wp\/v2\/pages\/3519\/revisions\/3522"}],"wp:attachment":[{"href":"https:\/\/donauguides.com\/en\/wp-json\/wp\/v2\/media?parent=3519"}],"curies":[{"name":"wp","href":"https:\/\/api.w.org\/{rel}","templated":true}]}}